{"id":5773,"date":"2019-01-14T17:50:28","date_gmt":"2019-01-14T16:50:28","guid":{"rendered":"https:\/\/montpeyroux.org\/castelbarry-cave-cooperative-artisanale-de-montpeyroux\/"},"modified":"2021-09-27T12:25:35","modified_gmt":"2021-09-27T10:25:35","slug":"castelbarry-cave-cooperative-artisanale-de-montpeyroux","status":"publish","type":"page","link":"https:\/\/montpeyroux.org\/en\/","title":{"rendered":"Castelbarry, a committed artisanal cooperative cellar"},"content":{"rendered":"<p>[et_pb_section fb_built=&#8221;1&#8243; admin_label=&#8221;Section H1\/txt (Order 2)&#8221; module_class=&#8221;rowh1&#8243; _builder_version=&#8221;3.22.3&#8243; background_color=&#8221;#1d1d1d&#8221; custom_padding=&#8221;54px|0px|70px|0px|false|false&#8221; collapsed=&#8221;off&#8221; fb_built=&#8221;1&#8243; _i=&#8221;0&#8243; _address=&#8221;0&#8243;][et_pb_row _builder_version=&#8221;3.25&#8243; _i=&#8221;0&#8243; _address=&#8221;0.0&#8243;][et_pb_column type=&#8221;4_4&#8243; _builder_version=&#8221;3.25&#8243; custom_padding=&#8221;|||&#8221; _i=&#8221;0&#8243; _address=&#8221;0.0.0&#8243; custom_padding__hover=&#8221;|||&#8221;][et_pb_text admin_label=&#8221;Titre Site H1&#8243; _builder_version=&#8221;3.29.3&#8243; header_font=&#8221;||||||||&#8221; header_text_align=&#8221;center&#8221; header_text_color=&#8221;#ffffff&#8221; header_font_size=&#8221;35px&#8221; hover_enabled=&#8221;0&#8243; header_font_size_tablet=&#8221;28px&#8221; header_font_size_phone=&#8221;23px&#8221; header_font_size_last_edited=&#8221;on|phone&#8221; _i=&#8221;0&#8243; _address=&#8221;0.0.0.0&#8243;]<\/p>\n<h1><span style=\"color: #dcb85f;\"><strong>CASTELBARRY<\/strong><\/span>, a committed artisanal cooperative cellar<\/h1>\n<p>[\/et_pb_text][et_pb_text admin_label=&#8221;Presentation importante (200-250 mots)&#8221; _builder_version=&#8221;3.27.4&#8243; header_font=&#8221;||||||||&#8221; header_text_align=&#8221;center&#8221; header_text_color=&#8221;#ffffff&#8221; _i=&#8221;1&#8243; _address=&#8221;0.0.0.1&#8243;]<\/p>\n<p><strong>Castelbarry<\/strong>, we are an artisanal cooperative cellar. Of course, we offer you wine, but that\u2019s not all! It is a whole approach of sustainable development, called Corporate Social Responsibility, to which we\u2019ve been committed for 15 years, today recognized by the label &#8220;Sustainable winegrowers&#8221;. Intended for ethical and not for \u201cthe label drinkers\u201d, our bottles are ambitious and convivial.<\/p>\n<p>Our hearts beat in the rural south of France. As you leave Montpellier, follow the foothills of Larzac until you enter the heart of the H\u00e9rault Valley. Then begins the gentle ascent to the tiered vineyards of Montpeyroux, a village castle nestled in a wild and preserved scrub. It is here that we produce our Saint Guilhem le D\u00e9sert, our Languedoc d&#8217;altitude, our Terrasses du Larzac and our Montpeyroux. The last two have a long-standing reputation and aspire to the &#8220;cru communal&#8221; status, supported by 21 private cellars, including our cooperative.<\/p>\n<p>[\/et_pb_text][\/et_pb_column][\/et_pb_row][\/et_pb_section][et_pb_section fb_built=&#8221;1&#8243; admin_label=&#8221;Section MENU (order 1)&#8221; module_class=&#8221;rowh2&#8243; _builder_version=&#8221;3.22.3&#8243; background_color=&#8221;rgba(29,29,29,0)&#8221; background_image=&#8221;https:\/\/montpeyroux.org\/wp-content\/uploads\/2019\/01\/esprit-castelbarry-1.jpg&#8221; parallax=&#8221;on&#8221; custom_margin=&#8221;-19px||&#8221; custom_padding=&#8221;0|0px|0|0px|false|false&#8221; collapsed=&#8221;off&#8221; fb_built=&#8221;1&#8243; _i=&#8221;1&#8243; _address=&#8221;1&#8243;][et_pb_row module_class=&#8221;margehome&#8221; _builder_version=&#8221;3.25&#8243; custom_padding=&#8221;130px|0px|0|0px|false|false&#8221; _i=&#8221;0&#8243; _address=&#8221;1.0&#8243;][et_pb_column type=&#8221;4_4&#8243; _builder_version=&#8221;3.25&#8243; custom_padding=&#8221;0px|0px|0px|0px&#8221; _i=&#8221;0&#8243; _address=&#8221;1.0.0&#8243; custom_padding__hover=&#8221;|||&#8221;][et_pb_text module_id=&#8221;Hlogo&#8221; _builder_version=&#8221;3.27.4&#8243; _i=&#8221;0&#8243; _address=&#8221;1.0.0.0&#8243;][\/et_pb_text][\/et_pb_column][\/et_pb_row][et_pb_row _builder_version=&#8221;3.25&#8243; custom_padding=&#8221;0|0px|0|0px|false|false&#8221; _i=&#8221;1&#8243; _address=&#8221;1.1&#8243;][et_pb_column type=&#8221;4_4&#8243; _builder_version=&#8221;3.25&#8243; custom_padding=&#8221;|||&#8221; _i=&#8221;0&#8243; _address=&#8221;1.1.0&#8243; custom_padding__hover=&#8221;|||&#8221;][et_pb_text _builder_version=&#8221;3.27.4&#8243; _i=&#8221;0&#8243; _address=&#8221;1.1.0.0&#8243;]<\/p>\n<p><img loading=\"lazy\" decoding=\"async\" class=\"hlogo aligncenter wp-image-70 size-full\" title=\"Castelbarry, cave coop\u00e9rative artisanale de Montpeyroux\" src=\"https:\/\/montpeyroux.org\/wp-content\/uploads\/2019\/01\/logo-castelbarry-montpeyroux-1.jpg\" alt=\"Castelbarry, cave coop\u00e9rative artisanale de Montpeyroux\" width=\"300\" height=\"300\" srcset=\"https:\/\/montpeyroux.org\/wp-content\/uploads\/2019\/01\/logo-castelbarry-montpeyroux-1.jpg 300w, https:\/\/montpeyroux.org\/wp-content\/uploads\/2019\/01\/logo-castelbarry-montpeyroux-1-150x150.jpg 150w\" sizes=\"(max-width: 300px) 100vw, 300px\" \/><\/p>\n<p>[\/et_pb_text][\/et_pb_column][\/et_pb_row][et_pb_row column_structure=&#8221;1_4,1_4,1_4,1_4&#8243; use_custom_gutter=&#8221;on&#8221; gutter_width=&#8221;1&#8243; make_equal=&#8221;on&#8221; module_id=&#8221;lignemenu&#8221; module_class=&#8221; et_pb_row_fullwidth&#8221; _builder_version=&#8221;3.25&#8243; background_color=&#8221;#1d1d1d&#8221; width=&#8221;100%&#8221; width_tablet=&#8221;100%&#8221; width_last_edited=&#8221;on|desktop&#8221; max_width=&#8221;100%&#8221; max_width_tablet=&#8221;100%&#8221; max_width_last_edited=&#8221;on|desktop&#8221; module_alignment=&#8221;center&#8221; custom_padding=&#8221;0|0px|40px|0px|false|false&#8221; custom_css_main_element=&#8221;z-index:1;&#8221; make_fullwidth=&#8221;on&#8221; _i=&#8221;2&#8243; _address=&#8221;1.2&#8243;][et_pb_column type=&#8221;1_4&#8243; module_class=&#8221;menuimg&#8221; _builder_version=&#8221;3.25&#8243; background_color=&#8221;#92b7a1&#8243; custom_padding=&#8221;150px|||&#8221; _i=&#8221;0&#8243; _address=&#8221;1.2.0&#8243; custom_padding__hover=&#8221;|||&#8221;][et_pb_image src=&#8221;https:\/\/montpeyroux.org\/wp-content\/uploads\/2019\/03\/visuel-menu-qui-sommes-1.jpg&#8221; align=&#8221;center&#8221; align_tablet=&#8221;center&#8221; align_last_edited=&#8221;on|desktop&#8221; _builder_version=&#8221;3.23&#8243; _i=&#8221;0&#8243; _address=&#8221;1.2.0.0&#8243;][\/et_pb_image][et_pb_text _builder_version=&#8221;3.29.3&#8243; custom_padding=&#8221;25px||25px|25px&#8221; hover_enabled=&#8221;0&#8243; _i=&#8221;1&#8243; _address=&#8221;1.2.0.1&#8243;]<\/p>\n<h2><a href=\"https:\/\/montpeyroux.org\/en\/about-us\/\">ABOUT US<\/a><\/h2>\n<p><a href=\"https:\/\/montpeyroux.org\/en\/historic-montpeyroux-cellar\/\">Our history<\/a><br \/><a href=\"https:\/\/montpeyroux.org\/en\/about-us\/\">Our values &#038; commitments<\/a><\/p>\n<p>[\/et_pb_text][\/et_pb_column][et_pb_column type=&#8221;1_4&#8243; module_class=&#8221;menuimg&#8221; _builder_version=&#8221;3.25&#8243; background_color=&#8221;#c89a90&#8243; custom_padding=&#8221;200px|||&#8221; _i=&#8221;1&#8243; _address=&#8221;1.2.1&#8243; custom_padding__hover=&#8221;|||&#8221;][et_pb_image src=&#8221;https:\/\/montpeyroux.org\/wp-content\/uploads\/2019\/03\/visuel-menu-terroir-1.jpg&#8221; align=&#8221;center&#8221; align_tablet=&#8221;center&#8221; align_last_edited=&#8221;on|desktop&#8221; _builder_version=&#8221;3.23&#8243; _i=&#8221;0&#8243; _address=&#8221;1.2.1.0&#8243;][\/et_pb_image][et_pb_text _builder_version=&#8221;3.27.4&#8243; custom_padding=&#8221;25px||25px|25px&#8221; _i=&#8221;1&#8243; _address=&#8221;1.2.1.1&#8243;]<\/p>\n<h2><a href=\"https:\/\/montpeyroux.org\/en\/le-terroir\/\">LE TERROIR<\/a><\/h2>\n<p>&nbsp;<\/p>\n<p>[\/et_pb_text][\/et_pb_column][et_pb_column type=&#8221;1_4&#8243; module_class=&#8221;menuimg&#8221; _builder_version=&#8221;3.25&#8243; background_color=&#8221;#dcb85f&#8221; custom_padding=&#8221;50px|||&#8221; _i=&#8221;2&#8243; _address=&#8221;1.2.2&#8243; custom_padding__hover=&#8221;|||&#8221;][et_pb_image src=&#8221;https:\/\/montpeyroux.org\/wp-content\/uploads\/2020\/05\/les-vins-montpeyroux-castelbarry-1.png&#8221; url=&#8221;https:\/\/montpeyroux.org\/en\/our-wines\/&#8221; align=&#8221;center&#8221; align_tablet=&#8221;center&#8221; align_last_edited=&#8221;on|desktop&#8221; _builder_version=&#8221;3.29.3&#8243; _i=&#8221;0&#8243; _address=&#8221;1.2.2.0&#8243;][\/et_pb_image][et_pb_text _builder_version=&#8221;3.29.3&#8243; custom_padding=&#8221;25px||25px|25px&#8221; hover_enabled=&#8221;0&#8243; _i=&#8221;1&#8243; _address=&#8221;1.2.2.1&#8243;]<\/p>\n<h2><a href=\"https:\/\/montpeyroux.org\/en\/our-wines\/\">OUR WINES<\/a><\/h2>\n<p><a href=\"https:\/\/montpeyroux.org\/en\/our-wines\/the-icon\/\">Montpeyroux, The icone<\/a><br \/>\n<a href=\"https:\/\/montpeyroux.org\/en\/our-wines\/montpeyroux-les-vents-dici\/\">Montpeyroux, les Vents d\u2019Ici<\/a><br \/>\n<a href=\"https:\/\/montpeyroux.org\/en\/our-wines\/larzac-land-of-principles\/\">Larzac, land of Principles<\/a><br \/>\n<a href=\"https:\/\/montpeyroux.org\/les-vins-de-castelbarry\/languedoc-daltitude\/\">Languedoc d\u2019Altitude<\/a><br \/>\n<a href=\"https:\/\/montpeyroux.org\/en\/our-wines\/st-guilhem-le-desert-grand-site-de-france\/\">Saint Guilhem le D\u00e9sert<\/a><br \/>\n<a href=\"https:\/\/montpeyroux.org\/en\/our-wines\/les-coopains\/\">Les Coopains<\/a><br \/>\n<a href=\"https:\/\/montpeyroux.org\/en\/our-wines\/footloose-and-free-spirit\/\">Footloose and Free spirit<\/a><br \/>\n<a href=\"https:\/\/montpeyroux.org\/en\/our-wines\/moelleux-et-alcool\/\">Sweet and Alcohol<\/a>[\/et_pb_text][\/et_pb_column][et_pb_column type=&#8221;1_4&#8243; module_class=&#8221;menuimg&#8221; _builder_version=&#8221;3.25&#8243; background_color=&#8221;#db4e2b&#8221; custom_padding=&#8221;120px|||&#8221; _i=&#8221;3&#8243; _address=&#8221;1.2.3&#8243; custom_padding__hover=&#8221;|||&#8221;][et_pb_image src=&#8221;https:\/\/montpeyroux.org\/wp-content\/uploads\/2019\/03\/visuel-menu-actus-1.jpg&#8221; align=&#8221;center&#8221; align_tablet=&#8221;center&#8221; align_last_edited=&#8221;on|desktop&#8221; _builder_version=&#8221;3.23&#8243; _i=&#8221;0&#8243; _address=&#8221;1.2.3.0&#8243;][\/et_pb_image][et_pb_text _builder_version=&#8221;3.29.3&#8243; custom_padding=&#8221;25px||25px|25px&#8221; hover_enabled=&#8221;0&#8243; _i=&#8221;1&#8243; _address=&#8221;1.2.3.1&#8243;]<\/p>\n<h2><a href=\"https:\/\/montpeyroux.org\/en\/news\/\">NEWS<\/a><\/h2>\n<p><a href=\"https:\/\/montpeyroux.org\/en\/category\/evenements-en\/\">Events<\/a><a href=\"https:\/\/montpeyroux.org\/en\/category\/evenements-en\/\"><br \/>Wine tourism<\/a><br \/><a href=\"https:\/\/montpeyroux.org\/en\/category\/presse-en\/\">Media<\/a><br \/><a href=\"https:\/\/montpeyroux.org\/en\/category\/distinctions-en\/\">Awards<\/a><\/p>\n<p>[\/et_pb_text][\/et_pb_column][\/et_pb_row][\/et_pb_section][et_pb_section fb_built=&#8221;1&#8243; admin_label=&#8221;Section actus(Order 3)&#8221; module_class=&#8221;rowactus&#8221; _builder_version=&#8221;3.22.3&#8243; background_color=&#8221;#1d1d1d&#8221; custom_padding=&#8221;54px|0px|70px|0px|false|false&#8221; collapsed=&#8221;off&#8221; fb_built=&#8221;1&#8243; _i=&#8221;2&#8243; _address=&#8221;2&#8243;][et_pb_row _builder_version=&#8221;3.25&#8243; background_color=&#8221;#1d1d1d&#8221; _i=&#8221;0&#8243; _address=&#8221;2.0&#8243;][et_pb_column type=&#8221;4_4&#8243; _builder_version=&#8221;3.25&#8243; custom_padding=&#8221;|||&#8221; _i=&#8221;0&#8243; _address=&#8221;2.0.0&#8243; custom_padding__hover=&#8221;|||&#8221;][et_pb_text admin_label=&#8221;Titre Actus&#8221; _builder_version=&#8221;3.29.3&#8243; header_font=&#8221;||||||||&#8221; header_text_color=&#8221;#dcb85f&#8221; header_2_font=&#8221;|||on|||||&#8221; header_2_text_color=&#8221;#dcb85f&#8221; hover_enabled=&#8221;0&#8243; _i=&#8221;0&#8243; _address=&#8221;2.0.0.0&#8243;]<\/p>\n<h2>Latest from the Winemakers of Montpeyroux<\/h2>\n<p>Discover the cooperative winegrowers&#8217; daily routine at the committed artisanal cooperative cellar of Montpeyroux. Come and participate in our events, tasting club, or simply buy our wines at the sales cellar.<\/p>\n<p>[\/et_pb_text][et_pb_blog fullwidth=&#8221;off&#8221; posts_number=&#8221;3&#8243; show_more=&#8221;on&#8221; show_author=&#8221;off&#8221; show_categories=&#8221;off&#8221; masonry_tile_background_color=&#8221;#1d1d1d&#8221; _builder_version=&#8221;3.19.5&#8243; header_level=&#8221;h3&#8243; header_font=&#8221;||||||||&#8221; header_text_color=&#8221;#dcb85f&#8221; body_font=&#8221;||||||||&#8221; body_text_align=&#8221;justify&#8221; body_text_color=&#8221;#ffffff&#8221; body_font_size=&#8221;12px&#8221; meta_font=&#8221;||on||||||&#8221; meta_text_color=&#8221;#dcb85f&#8221; meta_font_size=&#8221;11px&#8221; pagination_font=&#8221;|300|||||||&#8221; border_color_all=&#8221;#dcb85f&#8221; _i=&#8221;1&#8243; _address=&#8221;2.0.0.1&#8243;][\/et_pb_blog][\/et_pb_column][\/et_pb_row][\/et_pb_section]<\/p>\n","protected":false},"excerpt":{"rendered":"<p>CASTELBARRY, a committed artisanal cooperative cellarCastelbarry, we are an artisanal cooperative cellar. Of course, we offer you wine, but that\u2019s not all! It is a whole approach of sustainable development, called Corporate Social Responsibility, to which we\u2019ve been committed for 15 years, today recognized by the label &#8220;Sustainable winegrowers&#8221;. Intended for ethical and not for [&hellip;]<\/p>\n","protected":false},"author":1,"featured_media":5775,"parent":0,"menu_order":0,"comment_status":"closed","ping_status":"closed","template":"","meta":{"_acf_changed":false,"_et_pb_use_builder":"on","_et_pb_old_content":"","_et_gb_content_width":"","footnotes":""},"class_list":["post-5773","page","type-page","status-publish","has-post-thumbnail","hentry"],"acf":[],"yoast_head":"<!-- This site is optimized with the Yoast SEO plugin v26.0 - https:\/\/yoast.com\/wordpress\/plugins\/seo\/ -->\n<title>Castelbarry, a committed artisanal cooperative cellar - Castelbarry<\/title>\n<meta name=\"description\" content=\"Bienvenue sur le site des Vignerons de Castelbarry coop\u00e9rative Artisanale \u00e0 Montpeyroux en Languedoc. D\u00e9couvrez nos vins, nos valeurs et nos engagements.\" \/>\n<meta name=\"robots\" content=\"index, follow, max-snippet:-1, max-image-preview:large, max-video-preview:-1\" \/>\n<link rel=\"canonical\" href=\"https:\/\/montpeyroux.org\/en\/\" \/>\n<meta property=\"og:locale\" content=\"en_US\" \/>\n<meta property=\"og:type\" content=\"article\" \/>\n<meta property=\"og:title\" content=\"Castelbarry, a committed artisanal cooperative cellar - Castelbarry\" \/>\n<meta property=\"og:description\" content=\"Bienvenue sur le site des Vignerons de Castelbarry coop\u00e9rative Artisanale \u00e0 Montpeyroux en Languedoc. D\u00e9couvrez nos vins, nos valeurs et nos engagements.\" \/>\n<meta property=\"og:url\" content=\"https:\/\/montpeyroux.org\/en\/\" \/>\n<meta property=\"og:site_name\" content=\"Castelbarry\" \/>\n<meta property=\"article:modified_time\" content=\"2021-09-27T10:25:35+00:00\" \/>\n<meta property=\"og:image\" content=\"https:\/\/montpeyroux.org\/wp-content\/uploads\/2019\/02\/Castelbarry-Cave-de-montpeyroux.jpg\" \/>\n\t<meta property=\"og:image:width\" content=\"1200\" \/>\n\t<meta property=\"og:image:height\" content=\"644\" \/>\n\t<meta property=\"og:image:type\" content=\"image\/jpeg\" \/>\n<meta name=\"twitter:card\" content=\"summary_large_image\" \/>\n<meta name=\"twitter:label1\" content=\"Est. reading time\" \/>\n\t<meta name=\"twitter:data1\" content=\"5 minutes\" \/>\n<script type=\"application\/ld+json\" class=\"yoast-schema-graph\">{\"@context\":\"https:\/\/schema.org\",\"@graph\":[{\"@type\":\"WebPage\",\"@id\":\"https:\/\/montpeyroux.org\/en\/\",\"url\":\"https:\/\/montpeyroux.org\/en\/\",\"name\":\"Castelbarry, a committed artisanal cooperative cellar - Castelbarry\",\"isPartOf\":{\"@id\":\"https:\/\/montpeyroux.org\/en\/#website\"},\"primaryImageOfPage\":{\"@id\":\"https:\/\/montpeyroux.org\/en\/#primaryimage\"},\"image\":{\"@id\":\"https:\/\/montpeyroux.org\/en\/#primaryimage\"},\"thumbnailUrl\":\"https:\/\/montpeyroux.org\/wp-content\/uploads\/2019\/02\/Castelbarry-Cave-de-montpeyroux.jpg\",\"datePublished\":\"2019-01-14T16:50:28+00:00\",\"dateModified\":\"2021-09-27T10:25:35+00:00\",\"description\":\"Bienvenue sur le site des Vignerons de Castelbarry coop\u00e9rative Artisanale \u00e0 Montpeyroux en Languedoc. D\u00e9couvrez nos vins, nos valeurs et nos engagements.\",\"breadcrumb\":{\"@id\":\"https:\/\/montpeyroux.org\/en\/#breadcrumb\"},\"inLanguage\":\"en-US\",\"potentialAction\":[{\"@type\":\"ReadAction\",\"target\":[\"https:\/\/montpeyroux.org\/en\/\"]}]},{\"@type\":\"ImageObject\",\"inLanguage\":\"en-US\",\"@id\":\"https:\/\/montpeyroux.org\/en\/#primaryimage\",\"url\":\"https:\/\/montpeyroux.org\/wp-content\/uploads\/2019\/02\/Castelbarry-Cave-de-montpeyroux.jpg\",\"contentUrl\":\"https:\/\/montpeyroux.org\/wp-content\/uploads\/2019\/02\/Castelbarry-Cave-de-montpeyroux.jpg\",\"width\":1200,\"height\":644},{\"@type\":\"BreadcrumbList\",\"@id\":\"https:\/\/montpeyroux.org\/en\/#breadcrumb\",\"itemListElement\":[{\"@type\":\"ListItem\",\"position\":1,\"name\":\"Accueil\",\"item\":\"https:\/\/montpeyroux.org\/en\/\"},{\"@type\":\"ListItem\",\"position\":2,\"name\":\"Castelbarry, a committed artisanal cooperative cellar\"}]},{\"@type\":\"WebSite\",\"@id\":\"https:\/\/montpeyroux.org\/en\/#website\",\"url\":\"https:\/\/montpeyroux.org\/en\/\",\"name\":\"Castelbarry\",\"description\":\"Cave Coop\u00e9rative Artisanale de Montpeyroux\",\"potentialAction\":[{\"@type\":\"SearchAction\",\"target\":{\"@type\":\"EntryPoint\",\"urlTemplate\":\"https:\/\/montpeyroux.org\/en\/?s={search_term_string}\"},\"query-input\":{\"@type\":\"PropertyValueSpecification\",\"valueRequired\":true,\"valueName\":\"search_term_string\"}}],\"inLanguage\":\"en-US\"}]}<\/script>\n<!-- \/ Yoast SEO plugin. -->","yoast_head_json":{"title":"Castelbarry, a committed artisanal cooperative cellar - Castelbarry","description":"Bienvenue sur le site des Vignerons de Castelbarry coop\u00e9rative Artisanale \u00e0 Montpeyroux en Languedoc. D\u00e9couvrez nos vins, nos valeurs et nos engagements.","robots":{"index":"index","follow":"follow","max-snippet":"max-snippet:-1","max-image-preview":"max-image-preview:large","max-video-preview":"max-video-preview:-1"},"canonical":"https:\/\/montpeyroux.org\/en\/","og_locale":"en_US","og_type":"article","og_title":"Castelbarry, a committed artisanal cooperative cellar - Castelbarry","og_description":"Bienvenue sur le site des Vignerons de Castelbarry coop\u00e9rative Artisanale \u00e0 Montpeyroux en Languedoc. D\u00e9couvrez nos vins, nos valeurs et nos engagements.","og_url":"https:\/\/montpeyroux.org\/en\/","og_site_name":"Castelbarry","article_modified_time":"2021-09-27T10:25:35+00:00","og_image":[{"width":1200,"height":644,"url":"https:\/\/montpeyroux.org\/wp-content\/uploads\/2019\/02\/Castelbarry-Cave-de-montpeyroux.jpg","type":"image\/jpeg"}],"twitter_card":"summary_large_image","twitter_misc":{"Est. reading time":"5 minutes"},"schema":{"@context":"https:\/\/schema.org","@graph":[{"@type":"WebPage","@id":"https:\/\/montpeyroux.org\/en\/","url":"https:\/\/montpeyroux.org\/en\/","name":"Castelbarry, a committed artisanal cooperative cellar - Castelbarry","isPartOf":{"@id":"https:\/\/montpeyroux.org\/en\/#website"},"primaryImageOfPage":{"@id":"https:\/\/montpeyroux.org\/en\/#primaryimage"},"image":{"@id":"https:\/\/montpeyroux.org\/en\/#primaryimage"},"thumbnailUrl":"https:\/\/montpeyroux.org\/wp-content\/uploads\/2019\/02\/Castelbarry-Cave-de-montpeyroux.jpg","datePublished":"2019-01-14T16:50:28+00:00","dateModified":"2021-09-27T10:25:35+00:00","description":"Bienvenue sur le site des Vignerons de Castelbarry coop\u00e9rative Artisanale \u00e0 Montpeyroux en Languedoc. D\u00e9couvrez nos vins, nos valeurs et nos engagements.","breadcrumb":{"@id":"https:\/\/montpeyroux.org\/en\/#breadcrumb"},"inLanguage":"en-US","potentialAction":[{"@type":"ReadAction","target":["https:\/\/montpeyroux.org\/en\/"]}]},{"@type":"ImageObject","inLanguage":"en-US","@id":"https:\/\/montpeyroux.org\/en\/#primaryimage","url":"https:\/\/montpeyroux.org\/wp-content\/uploads\/2019\/02\/Castelbarry-Cave-de-montpeyroux.jpg","contentUrl":"https:\/\/montpeyroux.org\/wp-content\/uploads\/2019\/02\/Castelbarry-Cave-de-montpeyroux.jpg","width":1200,"height":644},{"@type":"BreadcrumbList","@id":"https:\/\/montpeyroux.org\/en\/#breadcrumb","itemListElement":[{"@type":"ListItem","position":1,"name":"Accueil","item":"https:\/\/montpeyroux.org\/en\/"},{"@type":"ListItem","position":2,"name":"Castelbarry, a committed artisanal cooperative cellar"}]},{"@type":"WebSite","@id":"https:\/\/montpeyroux.org\/en\/#website","url":"https:\/\/montpeyroux.org\/en\/","name":"Castelbarry","description":"Cave Coop\u00e9rative Artisanale de Montpeyroux","potentialAction":[{"@type":"SearchAction","target":{"@type":"EntryPoint","urlTemplate":"https:\/\/montpeyroux.org\/en\/?s={search_term_string}"},"query-input":{"@type":"PropertyValueSpecification","valueRequired":true,"valueName":"search_term_string"}}],"inLanguage":"en-US"}]}},"_links":{"self":[{"href":"https:\/\/montpeyroux.org\/en\/wp-json\/wp\/v2\/pages\/5773","targetHints":{"allow":["GET"]}}],"collection":[{"href":"https:\/\/montpeyroux.org\/en\/wp-json\/wp\/v2\/pages"}],"about":[{"href":"https:\/\/montpeyroux.org\/en\/wp-json\/wp\/v2\/types\/page"}],"author":[{"embeddable":true,"href":"https:\/\/montpeyroux.org\/en\/wp-json\/wp\/v2\/users\/1"}],"replies":[{"embeddable":true,"href":"https:\/\/montpeyroux.org\/en\/wp-json\/wp\/v2\/comments?post=5773"}],"version-history":[{"count":9,"href":"https:\/\/montpeyroux.org\/en\/wp-json\/wp\/v2\/pages\/5773\/revisions"}],"predecessor-version":[{"id":6479,"href":"https:\/\/montpeyroux.org\/en\/wp-json\/wp\/v2\/pages\/5773\/revisions\/6479"}],"wp:featuredmedia":[{"embeddable":true,"href":"https:\/\/montpeyroux.org\/en\/wp-json\/wp\/v2\/media\/5775"}],"wp:attachment":[{"href":"https:\/\/montpeyroux.org\/en\/wp-json\/wp\/v2\/media?parent=5773"}],"curies":[{"name":"wp","href":"https:\/\/api.w.org\/{rel}","templated":true}]}}